{"id":313,"date":"2024-01-23T16:55:37","date_gmt":"2024-01-23T15:55:37","guid":{"rendered":"https:\/\/locustech.pl\/hydrogen\/?page_id=313"},"modified":"2024-01-23T18:31:48","modified_gmt":"2024-01-23T17:31:48","slug":"home","status":"publish","type":"page","link":"https:\/\/locustech.pl\/hydrogen\/en\/home\/","title":{"rendered":"Home"},"content":{"rendered":"","protected":false},"excerpt":{"rendered":"","protected":false},"author":1,"featured_media":0,"parent":0,"menu_order":0,"comment_status":"closed","ping_status":"closed","template":"templates\/main-page.php","meta":{"inline_featured_image":false,"footnotes":""},"acf":[],"yoast_head":"<!-- This site is optimized with the Yoast SEO plugin v21.9 - https:\/\/yoast.com\/wordpress\/plugins\/seo\/ -->\n<title>Hydrogen storage for photovoltaic power plants<\/title>\n<meta name=\"description\" content=\"We are working on projects based on energy storage in the form of high-pressure hydrogen storage obtained by water electrolysis or gas reforming.\" \/>\n<meta name=\"robots\" content=\"index, follow, max-snippet:-1, max-image-preview:large, max-video-preview:-1\" \/>\n<link rel=\"canonical\" href=\"https:\/\/locustech.pl\/hydrogen\/en\/home\/\" \/>\n<meta property=\"og:locale\" content=\"pl_PL\" \/>\n<meta property=\"og:type\" content=\"article\" \/>\n<meta property=\"og:title\" content=\"Hydrogen storage for photovoltaic power plants\" \/>\n<meta property=\"og:description\" content=\"We are working on projects based on energy storage in the form of high-pressure hydrogen storage obtained by water electrolysis or gas reforming.\" \/>\n<meta property=\"og:url\" content=\"https:\/\/locustech.pl\/hydrogen\/en\/home\/\" \/>\n<meta property=\"og:site_name\" content=\"Locus \u2013 Tech sp. Z o.o.\" \/>\n<meta property=\"article:modified_time\" content=\"2024-01-23T17:31:48+00:00\" \/>\n<meta name=\"twitter:card\" content=\"summary_large_image\" \/>\n<script type=\"application\/ld+json\" class=\"yoast-schema-graph\">{\"@context\":\"https:\/\/schema.org\",\"@graph\":[{\"@type\":\"WebPage\",\"@id\":\"https:\/\/locustech.pl\/hydrogen\/en\/home\/\",\"url\":\"https:\/\/locustech.pl\/hydrogen\/en\/home\/\",\"name\":\"Hydrogen storage for photovoltaic power plants\",\"isPartOf\":{\"@id\":\"https:\/\/locustech.pl\/hydrogen\/#website\"},\"datePublished\":\"2024-01-23T15:55:37+00:00\",\"dateModified\":\"2024-01-23T17:31:48+00:00\",\"description\":\"We are working on projects based on energy storage in the form of high-pressure hydrogen storage obtained by water electrolysis or gas reforming.\",\"breadcrumb\":{\"@id\":\"https:\/\/locustech.pl\/hydrogen\/en\/home\/#breadcrumb\"},\"inLanguage\":\"pl-PL\",\"potentialAction\":[{\"@type\":\"ReadAction\",\"target\":[\"https:\/\/locustech.pl\/hydrogen\/en\/home\/\"]}]},{\"@type\":\"BreadcrumbList\",\"@id\":\"https:\/\/locustech.pl\/hydrogen\/en\/home\/#breadcrumb\",\"itemListElement\":[{\"@type\":\"ListItem\",\"position\":1,\"name\":\"Home\",\"item\":\"https:\/\/locustech.pl\/hydrogen\/\"},{\"@type\":\"ListItem\",\"position\":2,\"name\":\"Home\"}]},{\"@type\":\"WebSite\",\"@id\":\"https:\/\/locustech.pl\/hydrogen\/#website\",\"url\":\"https:\/\/locustech.pl\/hydrogen\/\",\"name\":\"Locus-Tech - Transformacja Energetyczna oparta o odnawialne \u017ar\u00f3d\u0142a energii\",\"description\":\"\",\"publisher\":{\"@id\":\"https:\/\/locustech.pl\/hydrogen\/#organization\"},\"potentialAction\":[{\"@type\":\"SearchAction\",\"target\":{\"@type\":\"EntryPoint\",\"urlTemplate\":\"https:\/\/locustech.pl\/hydrogen\/?s={search_term_string}\"},\"query-input\":\"required name=search_term_string\"}],\"inLanguage\":\"pl-PL\"},{\"@type\":\"Organization\",\"@id\":\"https:\/\/locustech.pl\/hydrogen\/#organization\",\"name\":\"Locus-Tech\",\"url\":\"https:\/\/locustech.pl\/hydrogen\/\",\"logo\":{\"@type\":\"ImageObject\",\"inLanguage\":\"pl-PL\",\"@id\":\"https:\/\/locustech.pl\/hydrogen\/#\/schema\/logo\/image\/\",\"url\":\"https:\/\/locustech.pl\/hydrogen\/wp-content\/uploads\/2024\/01\/logo.svg\",\"contentUrl\":\"https:\/\/locustech.pl\/hydrogen\/wp-content\/uploads\/2024\/01\/logo.svg\",\"width\":446,\"height\":130,\"caption\":\"Locus-Tech\"},\"image\":{\"@id\":\"https:\/\/locustech.pl\/hydrogen\/#\/schema\/logo\/image\/\"}}]}<\/script>\n<!-- \/ Yoast SEO plugin. -->","yoast_head_json":{"title":"Hydrogen storage for photovoltaic power plants","description":"We are working on projects based on energy storage in the form of high-pressure hydrogen storage obtained by water electrolysis or gas reforming.","robots":{"index":"index","follow":"follow","max-snippet":"max-snippet:-1","max-image-preview":"max-image-preview:large","max-video-preview":"max-video-preview:-1"},"canonical":"https:\/\/locustech.pl\/hydrogen\/en\/home\/","og_locale":"pl_PL","og_type":"article","og_title":"Hydrogen storage for photovoltaic power plants","og_description":"We are working on projects based on energy storage in the form of high-pressure hydrogen storage obtained by water electrolysis or gas reforming.","og_url":"https:\/\/locustech.pl\/hydrogen\/en\/home\/","og_site_name":"Locus \u2013 Tech sp. Z o.o.","article_modified_time":"2024-01-23T17:31:48+00:00","twitter_card":"summary_large_image","schema":{"@context":"https:\/\/schema.org","@graph":[{"@type":"WebPage","@id":"https:\/\/locustech.pl\/hydrogen\/en\/home\/","url":"https:\/\/locustech.pl\/hydrogen\/en\/home\/","name":"Hydrogen storage for photovoltaic power plants","isPartOf":{"@id":"https:\/\/locustech.pl\/hydrogen\/#website"},"datePublished":"2024-01-23T15:55:37+00:00","dateModified":"2024-01-23T17:31:48+00:00","description":"We are working on projects based on energy storage in the form of high-pressure hydrogen storage obtained by water electrolysis or gas reforming.","breadcrumb":{"@id":"https:\/\/locustech.pl\/hydrogen\/en\/home\/#breadcrumb"},"inLanguage":"pl-PL","potentialAction":[{"@type":"ReadAction","target":["https:\/\/locustech.pl\/hydrogen\/en\/home\/"]}]},{"@type":"BreadcrumbList","@id":"https:\/\/locustech.pl\/hydrogen\/en\/home\/#breadcrumb","itemListElement":[{"@type":"ListItem","position":1,"name":"Home","item":"https:\/\/locustech.pl\/hydrogen\/"},{"@type":"ListItem","position":2,"name":"Home"}]},{"@type":"WebSite","@id":"https:\/\/locustech.pl\/hydrogen\/#website","url":"https:\/\/locustech.pl\/hydrogen\/","name":"Locus-Tech - Transformacja Energetyczna oparta o odnawialne \u017ar\u00f3d\u0142a energii","description":"","publisher":{"@id":"https:\/\/locustech.pl\/hydrogen\/#organization"},"potentialAction":[{"@type":"SearchAction","target":{"@type":"EntryPoint","urlTemplate":"https:\/\/locustech.pl\/hydrogen\/?s={search_term_string}"},"query-input":"required name=search_term_string"}],"inLanguage":"pl-PL"},{"@type":"Organization","@id":"https:\/\/locustech.pl\/hydrogen\/#organization","name":"Locus-Tech","url":"https:\/\/locustech.pl\/hydrogen\/","logo":{"@type":"ImageObject","inLanguage":"pl-PL","@id":"https:\/\/locustech.pl\/hydrogen\/#\/schema\/logo\/image\/","url":"https:\/\/locustech.pl\/hydrogen\/wp-content\/uploads\/2024\/01\/logo.svg","contentUrl":"https:\/\/locustech.pl\/hydrogen\/wp-content\/uploads\/2024\/01\/logo.svg","width":446,"height":130,"caption":"Locus-Tech"},"image":{"@id":"https:\/\/locustech.pl\/hydrogen\/#\/schema\/logo\/image\/"}}]}},"_links":{"self":[{"href":"https:\/\/locustech.pl\/hydrogen\/wp-json\/wp\/v2\/pages\/313"}],"collection":[{"href":"https:\/\/locustech.pl\/hydrogen\/wp-json\/wp\/v2\/pages"}],"about":[{"href":"https:\/\/locustech.pl\/hydrogen\/wp-json\/wp\/v2\/types\/page"}],"author":[{"embeddable":true,"href":"https:\/\/locustech.pl\/hydrogen\/wp-json\/wp\/v2\/users\/1"}],"replies":[{"embeddable":true,"href":"https:\/\/locustech.pl\/hydrogen\/wp-json\/wp\/v2\/comments?post=313"}],"version-history":[{"count":2,"href":"https:\/\/locustech.pl\/hydrogen\/wp-json\/wp\/v2\/pages\/313\/revisions"}],"predecessor-version":[{"id":319,"href":"https:\/\/locustech.pl\/hydrogen\/wp-json\/wp\/v2\/pages\/313\/revisions\/319"}],"wp:attachment":[{"href":"https:\/\/locustech.pl\/hydrogen\/wp-json\/wp\/v2\/media?parent=313"}],"curies":[{"name":"wp","href":"https:\/\/api.w.org\/{rel}","templated":true}]}}