{"id":21,"date":"2023-12-06T16:03:06","date_gmt":"2023-12-06T15:03:06","guid":{"rendered":"https:\/\/locustech.pl\/hydrogen\/?page_id=21"},"modified":"2024-01-23T18:41:44","modified_gmt":"2024-01-23T17:41:44","slug":"kontakt","status":"publish","type":"page","link":"https:\/\/locustech.pl\/hydrogen\/kontakt\/","title":{"rendered":"Kontakt"},"content":{"rendered":"\n<p>Locus \u2013 Tech sp. Z&nbsp;o.o.<\/p>\n\n\n\n<p>NIP 9552492247<br>KRS 0000757275<br>REGON 38180466000000<\/p>\n","protected":false},"excerpt":{"rendered":"<p>Locus \u2013 Tech sp. Z&nbsp;o.o. NIP 9552492247KRS 0000757275REGON 38180466000000<\/p>\n","protected":false},"author":1,"featured_media":106,"parent":0,"menu_order":999,"comment_status":"closed","ping_status":"closed","template":"templates\/contact.php","meta":{"inline_featured_image":false,"footnotes":""},"acf":[],"yoast_head":"<!-- This site is optimized with the Yoast SEO plugin v21.9 - https:\/\/yoast.com\/wordpress\/plugins\/seo\/ -->\n<title>Kontakt Locus-Tech Magazyny Wodorowe<\/title>\n<meta name=\"robots\" content=\"index, follow, max-snippet:-1, max-image-preview:large, max-video-preview:-1\" \/>\n<link rel=\"canonical\" href=\"https:\/\/locustech.pl\/hydrogen\/kontakt\/\" \/>\n<meta property=\"og:locale\" content=\"pl_PL\" \/>\n<meta property=\"og:type\" content=\"article\" \/>\n<meta property=\"og:title\" content=\"Kontakt Locus-Tech Magazyny Wodorowe\" \/>\n<meta property=\"og:description\" content=\"Locus \u2013 Tech sp. Z&nbsp;o.o. NIP 9552492247KRS 0000757275REGON 38180466000000\" \/>\n<meta property=\"og:url\" content=\"https:\/\/locustech.pl\/hydrogen\/kontakt\/\" \/>\n<meta property=\"og:site_name\" content=\"Locus \u2013 Tech sp. Z o.o.\" \/>\n<meta property=\"article:modified_time\" content=\"2024-01-23T17:41:44+00:00\" \/>\n<meta property=\"og:image\" content=\"https:\/\/locustech.pl\/hydrogen\/wp-content\/uploads\/2023\/12\/fixed-aspect-ratio-spacer4.png\" \/>\n\t<meta property=\"og:image:width\" content=\"636\" \/>\n\t<meta property=\"og:image:height\" content=\"636\" \/>\n\t<meta property=\"og:image:type\" content=\"image\/png\" \/>\n<meta name=\"twitter:card\" content=\"summary_large_image\" \/>\n<meta name=\"twitter:label1\" content=\"Est. reading time\" \/>\n\t<meta name=\"twitter:data1\" content=\"1 minuta\" \/>\n<script type=\"application\/ld+json\" class=\"yoast-schema-graph\">{\"@context\":\"https:\/\/schema.org\",\"@graph\":[{\"@type\":\"WebPage\",\"@id\":\"https:\/\/locustech.pl\/hydrogen\/kontakt\/\",\"url\":\"https:\/\/locustech.pl\/hydrogen\/kontakt\/\",\"name\":\"Kontakt Locus-Tech Magazyny Wodorowe\",\"isPartOf\":{\"@id\":\"https:\/\/locustech.pl\/hydrogen\/#website\"},\"datePublished\":\"2023-12-06T15:03:06+00:00\",\"dateModified\":\"2024-01-23T17:41:44+00:00\",\"breadcrumb\":{\"@id\":\"https:\/\/locustech.pl\/hydrogen\/kontakt\/#breadcrumb\"},\"inLanguage\":\"pl-PL\",\"potentialAction\":[{\"@type\":\"ReadAction\",\"target\":[\"https:\/\/locustech.pl\/hydrogen\/kontakt\/\"]}]},{\"@type\":\"BreadcrumbList\",\"@id\":\"https:\/\/locustech.pl\/hydrogen\/kontakt\/#breadcrumb\",\"itemListElement\":[{\"@type\":\"ListItem\",\"position\":1,\"name\":\"Home\",\"item\":\"https:\/\/locustech.pl\/hydrogen\/\"},{\"@type\":\"ListItem\",\"position\":2,\"name\":\"Kontakt\"}]},{\"@type\":\"WebSite\",\"@id\":\"https:\/\/locustech.pl\/hydrogen\/#website\",\"url\":\"https:\/\/locustech.pl\/hydrogen\/\",\"name\":\"Locus-Tech - Transformacja Energetyczna oparta o odnawialne \u017ar\u00f3d\u0142a energii\",\"description\":\"\",\"publisher\":{\"@id\":\"https:\/\/locustech.pl\/hydrogen\/#organization\"},\"potentialAction\":[{\"@type\":\"SearchAction\",\"target\":{\"@type\":\"EntryPoint\",\"urlTemplate\":\"https:\/\/locustech.pl\/hydrogen\/?s={search_term_string}\"},\"query-input\":\"required name=search_term_string\"}],\"inLanguage\":\"pl-PL\"},{\"@type\":\"Organization\",\"@id\":\"https:\/\/locustech.pl\/hydrogen\/#organization\",\"name\":\"Locus-Tech\",\"url\":\"https:\/\/locustech.pl\/hydrogen\/\",\"logo\":{\"@type\":\"ImageObject\",\"inLanguage\":\"pl-PL\",\"@id\":\"https:\/\/locustech.pl\/hydrogen\/#\/schema\/logo\/image\/\",\"url\":\"https:\/\/locustech.pl\/hydrogen\/wp-content\/uploads\/2024\/01\/logo.svg\",\"contentUrl\":\"https:\/\/locustech.pl\/hydrogen\/wp-content\/uploads\/2024\/01\/logo.svg\",\"width\":446,\"height\":130,\"caption\":\"Locus-Tech\"},\"image\":{\"@id\":\"https:\/\/locustech.pl\/hydrogen\/#\/schema\/logo\/image\/\"}}]}<\/script>\n<!-- \/ Yoast SEO plugin. -->","yoast_head_json":{"title":"Kontakt Locus-Tech Magazyny Wodorowe","robots":{"index":"index","follow":"follow","max-snippet":"max-snippet:-1","max-image-preview":"max-image-preview:large","max-video-preview":"max-video-preview:-1"},"canonical":"https:\/\/locustech.pl\/hydrogen\/kontakt\/","og_locale":"pl_PL","og_type":"article","og_title":"Kontakt Locus-Tech Magazyny Wodorowe","og_description":"Locus \u2013 Tech sp. Z&nbsp;o.o. NIP 9552492247KRS 0000757275REGON 38180466000000","og_url":"https:\/\/locustech.pl\/hydrogen\/kontakt\/","og_site_name":"Locus \u2013 Tech sp. Z o.o.","article_modified_time":"2024-01-23T17:41:44+00:00","og_image":[{"width":636,"height":636,"url":"https:\/\/locustech.pl\/hydrogen\/wp-content\/uploads\/2023\/12\/fixed-aspect-ratio-spacer4.png","type":"image\/png"}],"twitter_card":"summary_large_image","twitter_misc":{"Est. reading time":"1 minuta"},"schema":{"@context":"https:\/\/schema.org","@graph":[{"@type":"WebPage","@id":"https:\/\/locustech.pl\/hydrogen\/kontakt\/","url":"https:\/\/locustech.pl\/hydrogen\/kontakt\/","name":"Kontakt Locus-Tech Magazyny Wodorowe","isPartOf":{"@id":"https:\/\/locustech.pl\/hydrogen\/#website"},"datePublished":"2023-12-06T15:03:06+00:00","dateModified":"2024-01-23T17:41:44+00:00","breadcrumb":{"@id":"https:\/\/locustech.pl\/hydrogen\/kontakt\/#breadcrumb"},"inLanguage":"pl-PL","potentialAction":[{"@type":"ReadAction","target":["https:\/\/locustech.pl\/hydrogen\/kontakt\/"]}]},{"@type":"BreadcrumbList","@id":"https:\/\/locustech.pl\/hydrogen\/kontakt\/#breadcrumb","itemListElement":[{"@type":"ListItem","position":1,"name":"Home","item":"https:\/\/locustech.pl\/hydrogen\/"},{"@type":"ListItem","position":2,"name":"Kontakt"}]},{"@type":"WebSite","@id":"https:\/\/locustech.pl\/hydrogen\/#website","url":"https:\/\/locustech.pl\/hydrogen\/","name":"Locus-Tech - Transformacja Energetyczna oparta o odnawialne \u017ar\u00f3d\u0142a energii","description":"","publisher":{"@id":"https:\/\/locustech.pl\/hydrogen\/#organization"},"potentialAction":[{"@type":"SearchAction","target":{"@type":"EntryPoint","urlTemplate":"https:\/\/locustech.pl\/hydrogen\/?s={search_term_string}"},"query-input":"required name=search_term_string"}],"inLanguage":"pl-PL"},{"@type":"Organization","@id":"https:\/\/locustech.pl\/hydrogen\/#organization","name":"Locus-Tech","url":"https:\/\/locustech.pl\/hydrogen\/","logo":{"@type":"ImageObject","inLanguage":"pl-PL","@id":"https:\/\/locustech.pl\/hydrogen\/#\/schema\/logo\/image\/","url":"https:\/\/locustech.pl\/hydrogen\/wp-content\/uploads\/2024\/01\/logo.svg","contentUrl":"https:\/\/locustech.pl\/hydrogen\/wp-content\/uploads\/2024\/01\/logo.svg","width":446,"height":130,"caption":"Locus-Tech"},"image":{"@id":"https:\/\/locustech.pl\/hydrogen\/#\/schema\/logo\/image\/"}}]}},"_links":{"self":[{"href":"https:\/\/locustech.pl\/hydrogen\/wp-json\/wp\/v2\/pages\/21"}],"collection":[{"href":"https:\/\/locustech.pl\/hydrogen\/wp-json\/wp\/v2\/pages"}],"about":[{"href":"https:\/\/locustech.pl\/hydrogen\/wp-json\/wp\/v2\/types\/page"}],"author":[{"embeddable":true,"href":"https:\/\/locustech.pl\/hydrogen\/wp-json\/wp\/v2\/users\/1"}],"replies":[{"embeddable":true,"href":"https:\/\/locustech.pl\/hydrogen\/wp-json\/wp\/v2\/comments?post=21"}],"version-history":[{"count":2,"href":"https:\/\/locustech.pl\/hydrogen\/wp-json\/wp\/v2\/pages\/21\/revisions"}],"predecessor-version":[{"id":174,"href":"https:\/\/locustech.pl\/hydrogen\/wp-json\/wp\/v2\/pages\/21\/revisions\/174"}],"wp:featuredmedia":[{"embeddable":true,"href":"https:\/\/locustech.pl\/hydrogen\/wp-json\/wp\/v2\/media\/106"}],"wp:attachment":[{"href":"https:\/\/locustech.pl\/hydrogen\/wp-json\/wp\/v2\/media?parent=21"}],"curies":[{"name":"wp","href":"https:\/\/api.w.org\/{rel}","templated":true}]}}